{"id":2412,"date":"2016-04-28T11:36:27","date_gmt":"2016-04-28T09:36:27","guid":{"rendered":"https:\/\/www.caroledelaye.com\/en\/?page_id=2412"},"modified":"2025-11-10T09:17:02","modified_gmt":"2025-11-10T08:17:02","slug":"biography","status":"publish","type":"page","link":"https:\/\/www.caroledelaye.com\/en\/biography\/","title":{"rendered":"Biography"},"content":{"rendered":"<p>[et_pb_section fb_built=&#8221;1&#8243; admin_label=&#8221;section&#8221; _builder_version=&#8221;4.16&#8243; global_colors_info=&#8221;{}&#8221;][et_pb_row column_structure=&#8221;2_3,1_3&#8243; padding_mobile=&#8221;off&#8221; admin_label=&#8221;row&#8221; _builder_version=&#8221;4.16&#8243; background_size=&#8221;initial&#8221; background_position=&#8221;top_left&#8221; background_repeat=&#8221;repeat&#8221; custom_padding=&#8221;0|&#8221; make_fullwidth=&#8221;off&#8221; use_custom_width=&#8221;off&#8221; width_unit=&#8221;on&#8221; global_colors_info=&#8221;{}&#8221;][et_pb_column type=&#8221;2_3&#8243; _builder_version=&#8221;4.16&#8243; custom_padding=&#8221;|||&#8221; global_colors_info=&#8221;{}&#8221; custom_padding__hover=&#8221;|||&#8221;][et_pb_accordion closed_toggle_background_color=&#8221;#f7f7f7&#8243; icon_color=&#8221;#fe5500&#8243; _builder_version=&#8221;4.27.4&#8243; toggle_text_color=&#8221;#fe5500&#8243; toggle_font_size=&#8221;17&#8243; toggle_line_height=&#8221;1.7em&#8221; body_line_height=&#8221;2em&#8221; custom_padding=&#8221;0|||&#8221; hover_enabled=&#8221;0&#8243; use_border_color=&#8221;off&#8221; global_colors_info=&#8221;{}&#8221; sticky_enabled=&#8221;0&#8243;][et_pb_accordion_item title=&#8221;Presentation artist&#8221; open=&#8221;on&#8221; _builder_version=&#8221;4.16&#8243; global_colors_info=&#8221;{}&#8221;]Carole delaye was born in 1963 in Paris where she spend the childhood. In fine Arts studies in Paris, she frequents Antonio Segui workshop and Lesly Hamilton photographer. From 1989 and 94 she lives in Barcelona, Madrid and Mexico city, where her artistic career began. Back in Paris her painting is moving towards abstraction, photographs and intallations are inherent in her art.<br \/>\n[\/et_pb_accordion_item][et_pb_accordion_item title=&#8221;Formation&#8221; _builder_version=&#8221;4.16&#8243; global_colors_info=&#8221;{}&#8221; open=&#8221;off&#8221;]<div class='content-column one_sixth'>1995-97<\/div><div class='content-column five_sixth last_column'>National School of Applied Arts, Olivier de Serres. Paris. Stained-glass window section.<\/div><div class='clear_column'><\/div><div class='content-column one_sixth'>1989-90<\/div><div class='content-column five_sixth last_column'>National School of Visual Arts of the National Autonomous University of Mexico D.F.<br \/>\nScholarship&nbsp;of the French ministry of Foreign Affairs and mexican government.<\/div><div class='clear_column'><\/div><div class='content-column one_sixth'>1988<\/div><div class='content-column five_sixth last_column'>National Fine Arts Academy of Barcelone.<br \/>\nSpan Erasmus&nbsp; scholarship.<\/div><div class='clear_column'><\/div><div class='content-column one_sixth'>1985-88<\/div><div class='content-column five_sixth last_column'>Degree of the&nbsp; National Fine Arts Academy of Paris.<\/div><div class='clear_column'><\/div><br \/>\n[\/et_pb_accordion_item][et_pb_accordion_item title=&#8221;Individual exhibitions&#8221; _builder_version=&#8221;4.27.4&#8243; hover_enabled=&#8221;0&#8243; global_colors_info=&#8221;{}&#8221; open=&#8221;off&#8221; sticky_enabled=&#8221;0&#8243;]<\/p>\n<p><div class='content-column one_sixth'>2025<\/div><div class='content-column five_sixth last_column'>Galerie Le G\u00e9nie de la Bastille,  Paris XI\u00e8me<\/div><div class='clear_column'><\/div><div class='content-column one_sixth'>2022<\/div><div class='content-column five_sixth last_column'>Elite Coiffure, G\u00e9nie en Libert\u00e9, Paris XI\u00e8me<\/div><div class='clear_column'><\/div><div class='content-column one_sixth'>2019\/2020<\/div><div class='content-column five_sixth last_column'>Paul Beuscher, Paris XI\u00e8me<\/div><div class='clear_column'><\/div><div class='content-column one_sixth'>2017<\/div><div class='content-column five_sixth last_column'>Solar H\u00f4tel, Paris XIV\u00e8me<\/div><div class='clear_column'><\/div><div class='content-column one_sixth'>2016<\/div><div class='content-column five_sixth last_column'>Les trois granges, Saint Cl\u00e9ment. France<br \/>Galerie du Montparnasse, Paris XIV\u00e8me<br \/>Galerie \u00ab\u00a055Bellechasse\u00a0\u00bb, Paris VII\u00e8me<\/div><div class='clear_column'><\/div><div class='content-column one_sixth'>2015<\/div><div class='content-column five_sixth last_column'>Petite Galerie, Art Gallery, Paris<\/div><div class='clear_column'><\/div><div class='content-column one_sixth'>2014<\/div><div class='content-column five_sixth last_column'>55Bellechasse Art Gallery, Paris<\/div><div class='clear_column'><\/div><div class='content-column one_sixth'>2003-15<\/div><div class='content-column five_sixth last_column'>Open Doors of the artists\u2019studios of the 15th arrondissement, Paris<\/div><div class='clear_column'><\/div><div class='content-column one_sixth'>2003<\/div><div class='content-column five_sixth last_column'>Robert Galli\u00e9, Art Gallery, G. Cl\u00e9menceau hospital, Champcueil. France<\/div><div class='clear_column'><\/div><div class='content-column one_sixth'>2000<\/div><div class='content-column five_sixth last_column'>Flatotel. Paris<\/div><div class='clear_column'><\/div><div class='content-column one_sixth'>1997<\/div><div class='content-column five_sixth last_column'>Rond point des Champs Elys\u00e9es Gallery, Paris<\/div><div class='clear_column'><\/div><div class='content-column one_sixth'>1995<\/div><div class='content-column five_sixth last_column'>AM Primera casa de la imprenta. Mexico D.F.<\/div><div class='clear_column'><\/div><div class='content-column one_sixth'>1993<\/div><div class='content-column five_sixth last_column'>National Autonomous University of Colima. Mexico<\/div><div class='clear_column'><\/div><div class='content-column one_sixth'>1991<\/div><div class='content-column five_sixth last_column'>French institute of the French Ambassy in Madrid.<\/div><div class='clear_column'><\/div><div class='content-column one_sixth'>1990<\/div><div class='content-column five_sixth last_column'>San Carlos Academy, Mexico D.F.<\/div><div class='clear_column'><\/div><div class='content-column one_sixth'>1988<\/div><div class='content-column five_sixth last_column'>Short Film Festival. National Nevers Theater. France<\/div><div class='clear_column'><\/div><\/p>\n<p>[\/et_pb_accordion_item][et_pb_accordion_item title=&#8221;Group exhibitions&#8221; _builder_version=&#8221;4.27.4&#8243; global_colors_info=&#8221;{}&#8221; open=&#8221;off&#8221;]<div class='content-column one_sixth'>2025<\/div><div class='content-column five_sixth last_column'>Galerie Artel, Convergence, Montpellier<br \/>\nGalerie Le G\u00e9nie de la Bastille, Paris<br \/>\nMairie du XIII\u00e8me, Paris<br \/><\/div><div class='clear_column'><\/div><div class='content-column one_sixth'>2024<\/div><div class='content-column five_sixth last_column'>Galerie Leenhardt, Montpellier<br \/>\nGalerie Le G\u00e9nie de la Bastille, Paris<br \/>\nLes Chevaliers de l\u2019Art, Commanderie des Templiers, Coulommiers<br \/><\/div><div class='clear_column'><\/div><div class='content-column one_sixth'>2023<\/div><div class='content-column five_sixth last_column'>Artcit\u00e9, Fontenay-sous-bois<br \/>\nGalerie G\u00e9nie de la Bastille, Paris<br \/>\nMairie du XIII\u00e8me, Paris<\/div><div class='clear_column'><\/div><div class='content-column one_sixth'>2022<\/div><div class='content-column five_sixth last_column'>Performance, Parc des Doublorig\u00e8nes, Dordogne<br \/>\n69\u00e8me Salon de Charenton, Charenton-le-Pont<br \/>\nGalerie G\u00e9nie de la Bastille, Paris<br \/>\nInstallation, G\u00e9nie des jardins, Paris<\/div><div class='clear_column'><\/div><div class='content-column one_sixth'>2021<\/div><div class='content-column five_sixth last_column'>68\u00e8me salon de Charenton, Charenton-le-Pont<br \/>\nGalerie G\u00e9nie de la Bastille, Paris<\/div><div class='clear_column'><\/div><div class='content-column one_sixth'>2020<\/div><div class='content-column five_sixth last_column'>67e salon de Charenton, Charenton-le-Pont<br \/>\nInstallation, G\u00e9nie des jardins, Paris<\/div><div class='clear_column'><\/div><div class='content-column one_sixth'>2019<\/div><div class='content-column five_sixth last_column'>Confluences, Auditorium, Zaragoza, Espagne<br \/>\nGalerie G\u00e9nie de la Bastille, Paris<br \/>\nGalerie Menil\u20198, Paris<br \/>\nVII Salon de Beaumont-sur-Oise<\/div><div class='clear_column'><\/div><div class='content-column one_sixth'>2018<\/div><div class='content-column five_sixth last_column'>VI International Biennale of Paintings, National Museum Alvaro Navoa Ponton. Guayaquil. Ecuador<br \/>\n6 th exhibition of Visuals Arts of Beaumont-sur-Oise, France<br \/>\nExhibition of Visuals Arts of Saint Brice, France<\/div><div class='clear_column'><\/div><div class='content-column one_sixth'>2016<\/div><div class='content-column five_sixth last_column'>Montparnasse Gallery, Paris<\/div><div class='clear_column'><\/div><div class='content-column one_sixth'>2015<\/div><div class='content-column five_sixth last_column'>Art Fair, K\u00f6ln, Germany<br \/>\nArt Copenhagen, Copenhagen, <span id=\"result_box\" class=\"short_text\" lang=\"en\"><span class=\"\">Denmark<\/span><\/span><br \/>\nScope Basel, Switzerland<br \/>\nScope NY, New-York, USA<br \/>\nArt Wynwood, Miami, USA<br \/>\n55Bellechasse, Art Galery, Paris<\/div><div class='clear_column'><\/div><div class='content-column one_sixth'>2014<\/div><div class='content-column five_sixth last_column'>Art Basel, Switzerland<br \/>\nArt Fair. <span id=\"result_box\" class=\"short_text\" lang=\"en\"><span class=\"\">Copenhagen, <span id=\"result_box\" class=\"short_text\" lang=\"en\"><span class=\"\">Denmark<\/span><\/span><\/span><\/span><br \/>\n55Bellechasse, Art Galery, Paris<\/div><div class='clear_column'><\/div><div class='content-column one_sixth'>2013<\/div><div class='content-column five_sixth last_column'>Town hall of the 15th arrondissement, Paris<\/div><div class='clear_column'><\/div><div class='content-column one_sixth'>2005<\/div><div class='content-column five_sixth last_column'>Maison de la radio, Paris<\/div><div class='clear_column'><\/div><div class='content-column one_sixth'>2000<\/div><div class='content-column five_sixth last_column'>Exhibition of paintings in Saint-Cloud. France<br \/>\nTirana Opera. Albania<\/div><div class='clear_column'><\/div><div class='content-column one_sixth'>1999<\/div><div class='content-column five_sixth last_column'>Stained-glass window exhibition, Bourg-la-Reine. France<\/div><div class='clear_column'><\/div><div class='content-column one_sixth'>1998<\/div><div class='content-column five_sixth last_column'>International Stained-glass window center, Chartres. France<\/div><div class='clear_column'><\/div><div class='content-column one_sixth'>1996<\/div><div class='content-column five_sixth last_column'>La Bourse de Paris. Stained-glass window exhibition, France<br \/>\n15 th Exhibition of Visual Arts of Marne-La-Vall\u00e9e. France<\/div><div class='clear_column'><\/div><div class='content-column one_sixth'>1995<\/div><div class='content-column five_sixth last_column'>Galeria Talleria, Art Gallery Mexico DF<\/div><div class='clear_column'><\/div><div class='content-column one_sixth'>1992<\/div><div class='content-column five_sixth last_column'>BMW Price. Exhibition of paintings of la Celles-Saint-Cloud. France<br \/>\nHonorary distinction, FIAP, Paris<br \/>\n11 th Exhibition of Visual Arts of Marne la Vall\u00e9e. France<br \/>\nPeintures suspendues, festival de th\u00e9\u00e2tre de Saint-Denis. France<\/div><div class='clear_column'><\/div><div class='content-column one_sixth'>1990<\/div><div class='content-column five_sixth last_column'>Sister Juana\u2019s couvent. Mexico DF<br \/>\nJuan Rulfo Culturel Center. Mexico DF<br \/>\nInstallation. International Biennial Event for Visual Poetry. Mexico DF<br \/>\nVid\u00e9o Installation. Santo Domingo culturel center. Mexico DF<\/div><div class='clear_column'><\/div><div class='content-column one_sixth'>1989<\/div><div class='content-column five_sixth last_column'>Exhibition of paintings of La Celles-Saint-Cloud. France<br \/>\n8 th Exhibition of Visual Arts of Marne la Vall\u00e9e. France<br \/>\nNovember in Vitry. France<\/div><div class='clear_column'><\/div><div class='content-column one_sixth'>1988<\/div><div class='content-column five_sixth last_column'>Chapelle des Petits-Augustins. National Fine Arts Academy of Paris<\/div><div class='clear_column'><\/div>[\/et_pb_accordion_item][\/et_pb_accordion][\/et_pb_column][et_pb_column type=&#8221;1_3&#8243; _builder_version=&#8221;4.16&#8243; custom_padding=&#8221;|||&#8221; global_colors_info=&#8221;{}&#8221; custom_padding__hover=&#8221;|||&#8221;][et_pb_sidebar orientation=&#8221;right&#8221; area=&#8221;et_pb_widget_area_5&#8243; _builder_version=&#8221;4.16&#8243; remove_border=&#8221;off&#8221; global_colors_info=&#8221;{}&#8221;]<br \/>\n[\/et_pb_sidebar][\/et_pb_column][\/et_pb_row][\/et_pb_section]<\/p>\n","protected":false},"excerpt":{"rendered":"<p>Carole delaye was born in 1963 in Paris where she spend the childhood. In fine Arts studies in Paris, she frequents Antonio Segui workshop and Lesly Hamilton photographer. From 1989 and 94 she lives in Barcelona, Madrid and Mexico city, where her artistic career began. Back in Paris her painting is moving towards abstraction, photographs [&hellip;]<\/p>\n","protected":false},"author":1,"featured_media":0,"parent":0,"menu_order":4,"comment_status":"closed","ping_status":"closed","template":"","meta":{"_et_pb_use_builder":"on","_et_pb_old_content":"<h2>\u00a0<\/h2>","_et_gb_content_width":"","footnotes":""},"class_list":["post-2412","page","type-page","status-publish","hentry"],"_links":{"self":[{"href":"https:\/\/www.caroledelaye.com\/en\/wp-json\/wp\/v2\/pages\/2412","targetHints":{"allow":["GET"]}}],"collection":[{"href":"https:\/\/www.caroledelaye.com\/en\/wp-json\/wp\/v2\/pages"}],"about":[{"href":"https:\/\/www.caroledelaye.com\/en\/wp-json\/wp\/v2\/types\/page"}],"author":[{"embeddable":true,"href":"https:\/\/www.caroledelaye.com\/en\/wp-json\/wp\/v2\/users\/1"}],"replies":[{"embeddable":true,"href":"https:\/\/www.caroledelaye.com\/en\/wp-json\/wp\/v2\/comments?post=2412"}],"version-history":[{"count":0,"href":"https:\/\/www.caroledelaye.com\/en\/wp-json\/wp\/v2\/pages\/2412\/revisions"}],"wp:attachment":[{"href":"https:\/\/www.caroledelaye.com\/en\/wp-json\/wp\/v2\/media?parent=2412"}],"curies":[{"name":"wp","href":"https:\/\/api.w.org\/{rel}","templated":true}]}}